{"id":58,"date":"2020-01-04T14:37:52","date_gmt":"2020-01-04T13:37:52","guid":{"rendered":"http:\/\/elisaschonner.bplaced.net\/?page_id=58"},"modified":"2026-04-08T20:02:27","modified_gmt":"2026-04-08T18:02:27","slug":"anreise-kontakt","status":"publish","type":"page","link":"https:\/\/www.schutzhaus-neubau.at\/?page_id=58","title":{"rendered":"Anreise \/ Kontakt"},"content":{"rendered":"\t\t<div data-elementor-type=\"wp-page\" data-elementor-id=\"58\" class=\"elementor elementor-58\">\n\t\t\t\t\t\t<section class=\"elementor-section elementor-top-section elementor-element elementor-element-dadf7d2 elementor-section-height-min-height .hero elementor-section-full_width elementor-section-height-default elementor-section-items-middle\" data-id=\"dadf7d2\" data-element_type=\"section\" data-settings=\"{&quot;background_background&quot;:&quot;slideshow&quot;,&quot;background_slideshow_gallery&quot;:[{&quot;id&quot;:446,&quot;url&quot;:&quot;https:\\\/\\\/www.schutzhaus-neubau.at\\\/wp-content\\\/uploads\\\/2020\\\/02\\\/gallery_10.jpg&quot;}],&quot;background_slideshow_slide_duration&quot;:5000,&quot;background_slideshow_slide_transition&quot;:&quot;fade&quot;,&quot;background_slideshow_transition_duration&quot;:500}\">\n\t\t\t\t\t\t\t<div class=\"elementor-background-overlay\"><\/div>\n\t\t\t\t\t\t\t<div class=\"elementor-container elementor-column-gap-wide\">\n\t\t\t\t\t<div class=\"elementor-column elementor-col-100 elementor-top-column elementor-element elementor-element-c544872\" data-id=\"c544872\" data-element_type=\"column\">\n\t\t\t<div class=\"elementor-widget-wrap elementor-element-populated\">\n\t\t\t\t\t\t<div class=\"elementor-element elementor-element-40e71a0 elementor-widget elementor-widget-heading\" data-id=\"40e71a0\" data-element_type=\"widget\" data-widget_type=\"heading.default\">\n\t\t\t\t<div class=\"elementor-widget-container\">\n\t\t\t\t\t<h2 class=\"elementor-heading-title elementor-size-default\">Anreise und Kontakt<\/h2>\t\t\t\t<\/div>\n\t\t\t\t<\/div>\n\t\t\t\t\t<\/div>\n\t\t<\/div>\n\t\t\t\t\t<\/div>\n\t\t<\/section>\n\t\t\t\t<section class=\"elementor-section elementor-top-section elementor-element elementor-element-bcafdf7 elementor-section-boxed elementor-section-height-default elementor-section-height-default\" data-id=\"bcafdf7\" data-element_type=\"section\" data-settings=\"{&quot;background_background&quot;:&quot;gradient&quot;}\">\n\t\t\t\t\t\t<div class=\"elementor-container elementor-column-gap-default\">\n\t\t\t\t\t<div class=\"elementor-column elementor-col-50 elementor-top-column elementor-element elementor-element-5f2e800\" data-id=\"5f2e800\" data-element_type=\"column\">\n\t\t\t<div class=\"elementor-widget-wrap elementor-element-populated\">\n\t\t\t\t\t\t<div class=\"elementor-element elementor-element-00ffab7 elementor-widget elementor-widget-heading\" data-id=\"00ffab7\" data-element_type=\"widget\" data-widget_type=\"heading.default\">\n\t\t\t\t<div class=\"elementor-widget-container\">\n\t\t\t\t\t<h2 class=\"elementor-heading-title elementor-size-default\">Anreise<\/h2>\t\t\t\t<\/div>\n\t\t\t\t<\/div>\n\t\t\t\t<div class=\"elementor-element elementor-element-691140a elementor-widget elementor-widget-text-editor\" data-id=\"691140a\" data-element_type=\"widget\" data-widget_type=\"text-editor.default\">\n\t\t\t\t<div class=\"elementor-widget-container\">\n\t\t\t\t\t\t\t\t\t<p><b>Mit dem Auto<br \/><\/b><\/p><ul><li>Ortschaft Rauris<\/li><li>Richtung Kolm &#8211; Saigurn Talschluss<\/li><li>Parkplatz Lenzanger auf 1600 hm\u00a0\u00a0<\/li><li>Koordinaten: 47\u00b04&#8217;54.647&#8243;N, 12\u00b059&#8217;7.328&#8243;E\u00a0<\/li><\/ul><p><strong>Mit dem Bus<\/strong><\/p><ul><li>Linie 640 von Zell am See \u00fcber Taxenbach, Rauris, Kolm-Saigurn (Salzburger Verkehrsverbund)<\/li><li>Bus f\u00e4hrt sogar weiter, als Parkplatz Lenzanger &#8211; f\u00e4hrt rauf bis Kolm Saigurn<\/li><\/ul>\t\t\t\t\t\t\t\t<\/div>\n\t\t\t\t<\/div>\n\t\t\t\t<div class=\"elementor-element elementor-element-46e55b4 elementor-widget elementor-widget-heading\" data-id=\"46e55b4\" data-element_type=\"widget\" data-widget_type=\"heading.default\">\n\t\t\t\t<div class=\"elementor-widget-container\">\n\t\t\t\t\t<h2 class=\"elementor-heading-title elementor-size-default\">Kontakt<\/h2>\t\t\t\t<\/div>\n\t\t\t\t<\/div>\n\t\t\t\t<div class=\"elementor-element elementor-element-c438f04 phone elementor-icon-list--layout-traditional elementor-list-item-link-full_width elementor-widget elementor-widget-icon-list\" data-id=\"c438f04\" data-element_type=\"widget\" data-widget_type=\"icon-list.default\">\n\t\t\t\t<div class=\"elementor-widget-container\">\n\t\t\t\t\t\t\t<ul class=\"elementor-icon-list-items\">\n\t\t\t\t\t\t\t<li class=\"elementor-icon-list-item\">\n\t\t\t\t\t\t\t\t\t\t\t<span class=\"elementor-icon-list-icon\">\n\t\t\t\t\t\t\t<i aria-hidden=\"true\" class=\"fas fa-phone\"><\/i>\t\t\t\t\t\t<\/span>\n\t\t\t\t\t\t\t\t\t\t<span class=\"elementor-icon-list-text\">Tel.-Schutzh\u00fctte: +43 65 44 81 81<\/span>\n\t\t\t\t\t\t\t\t\t<\/li>\n\t\t\t\t\t\t\t\t<li class=\"elementor-icon-list-item\">\n\t\t\t\t\t\t\t\t\t\t\t<a href=\"http:\/\/schutzhaus-neubau@sbg.at\">\n\n\t\t\t\t\t\t\t\t\t\t\t\t<span class=\"elementor-icon-list-icon\">\n\t\t\t\t\t\t\t<i aria-hidden=\"true\" class=\"fas fa-mail-bulk\"><\/i>\t\t\t\t\t\t<\/span>\n\t\t\t\t\t\t\t\t\t\t<span class=\"elementor-icon-list-text\"><u>schutzhaus-neubau@sbg.at <\/u><\/span>\n\t\t\t\t\t\t\t\t\t\t\t<\/a>\n\t\t\t\t\t\t\t\t\t<\/li>\n\t\t\t\t\t\t\t\t<li class=\"elementor-icon-list-item\">\n\t\t\t\t\t\t\t\t\t\t\t<a href=\"https:\/\/www.schutzhaus-neubau.at\">\n\n\t\t\t\t\t\t\t\t\t\t\t\t<span class=\"elementor-icon-list-icon\">\n\t\t\t\t\t\t\t<i aria-hidden=\"true\" class=\"fab fa-internet-explorer\"><\/i>\t\t\t\t\t\t<\/span>\n\t\t\t\t\t\t\t\t\t\t<span class=\"elementor-icon-list-text\"><u>www.schutzhaus-neubau.at<\/u><\/span>\n\t\t\t\t\t\t\t\t\t\t\t<\/a>\n\t\t\t\t\t\t\t\t\t<\/li>\n\t\t\t\t\t\t<\/ul>\n\t\t\t\t\t\t<\/div>\n\t\t\t\t<\/div>\n\t\t\t\t\t<\/div>\n\t\t<\/div>\n\t\t\t\t<div class=\"elementor-column elementor-col-50 elementor-top-column elementor-element elementor-element-5aadfdd\" data-id=\"5aadfdd\" data-element_type=\"column\">\n\t\t\t<div class=\"elementor-widget-wrap elementor-element-populated\">\n\t\t\t\t\t\t<div class=\"elementor-element elementor-element-6b515c9 elementor-widget elementor-widget-google_maps\" data-id=\"6b515c9\" data-element_type=\"widget\" data-widget_type=\"google_maps.default\">\n\t\t\t\t<div class=\"elementor-widget-container\">\n\t\t\t\t\t\t\t<div class=\"elementor-custom-embed\">\n\t\t\t<iframe loading=\"lazy\"\n\t\t\t\t\tsrc=\"https:\/\/maps.google.com\/maps?q=Neubau%20H%C3%BCtte&#038;t=m&#038;z=10&#038;output=embed&#038;iwloc=near\"\n\t\t\t\t\ttitle=\"Neubau H\u00fctte\"\n\t\t\t\t\taria-label=\"Neubau H\u00fctte\"\n\t\t\t><\/iframe>\n\t\t<\/div>\n\t\t\t\t\t\t<\/div>\n\t\t\t\t<\/div>\n\t\t\t\t\t<\/div>\n\t\t<\/div>\n\t\t\t\t\t<\/div>\n\t\t<\/section>\n\t\t\t\t<section class=\"elementor-section elementor-top-section elementor-element elementor-element-503b793 elementor-section-boxed elementor-section-height-default elementor-section-height-default\" data-id=\"503b793\" data-element_type=\"section\">\n\t\t\t\t\t\t<div class=\"elementor-container elementor-column-gap-default\">\n\t\t\t\t\t<div class=\"elementor-column elementor-col-100 elementor-top-column elementor-element elementor-element-c3321ea\" data-id=\"c3321ea\" data-element_type=\"column\">\n\t\t\t<div class=\"elementor-widget-wrap elementor-element-populated\">\n\t\t\t\t\t\t<div class=\"elementor-element elementor-element-fe622fe elementor-widget-divider--view-line_icon elementor-view-default elementor-widget-divider--element-align-center elementor-widget elementor-widget-divider\" data-id=\"fe622fe\" data-element_type=\"widget\" data-widget_type=\"divider.default\">\n\t\t\t\t<div class=\"elementor-widget-container\">\n\t\t\t\t\t\t\t<div class=\"elementor-divider\">\n\t\t\t<span class=\"elementor-divider-separator\">\n\t\t\t\t\t\t\t<div class=\"elementor-icon elementor-divider__element\">\n\t\t\t\t\t<i aria-hidden=\"true\" class=\"fas fa-hiking\"><\/i><\/div>\n\t\t\t\t\t\t<\/span>\n\t\t<\/div>\n\t\t\t\t\t\t<\/div>\n\t\t\t\t<\/div>\n\t\t\t\t\t<\/div>\n\t\t<\/div>\n\t\t\t\t\t<\/div>\n\t\t<\/section>\n\t\t\t\t<section class=\"elementor-section elementor-top-section elementor-element elementor-element-45bf398 elementor-section-boxed elementor-section-height-default elementor-section-height-default\" data-id=\"45bf398\" data-element_type=\"section\">\n\t\t\t\t\t\t<div class=\"elementor-container elementor-column-gap-default\">\n\t\t\t\t\t<div class=\"elementor-column elementor-col-50 elementor-top-column elementor-element elementor-element-0cee39f\" data-id=\"0cee39f\" data-element_type=\"column\">\n\t\t\t<div class=\"elementor-widget-wrap elementor-element-populated\">\n\t\t\t\t\t\t<div class=\"elementor-element elementor-element-66d0b0e elementor-widget elementor-widget-heading\" data-id=\"66d0b0e\" data-element_type=\"widget\" data-widget_type=\"heading.default\">\n\t\t\t\t<div class=\"elementor-widget-container\">\n\t\t\t\t\t<h3 class=\"elementor-heading-title elementor-size-default\">Zustieg zur H\u00fctte<\/h3>\t\t\t\t<\/div>\n\t\t\t\t<\/div>\n\t\t\t\t<div class=\"elementor-element elementor-element-794e521 elementor-widget elementor-widget-text-editor\" data-id=\"794e521\" data-element_type=\"widget\" data-widget_type=\"text-editor.default\">\n\t\t\t\t<div class=\"elementor-widget-container\">\n\t\t\t\t\t\t\t\t\t<p>Vom Parkplatz aus habt ihr mehrere M\u00f6glichkeiten zu unserem Schutzhaus Neubau aufzusteigen. <br \/>Zwei detaillierte Wegbeschreibungen findet ihr unter dem Men\u00fcpunkt <a href=\"https:\/\/www.schutzhaus-neubau.at\/?page_id=60\"><strong>Zustieg \/ Touren<\/strong><\/a>.<\/p>\t\t\t\t\t\t\t\t<\/div>\n\t\t\t\t<\/div>\n\t\t\t\t\t<\/div>\n\t\t<\/div>\n\t\t\t\t<div class=\"elementor-column elementor-col-50 elementor-top-column elementor-element elementor-element-5a15fe3\" data-id=\"5a15fe3\" data-element_type=\"column\">\n\t\t\t<div class=\"elementor-widget-wrap\">\n\t\t\t\t\t\t\t<\/div>\n\t\t<\/div>\n\t\t\t\t\t<\/div>\n\t\t<\/section>\n\t\t\t\t<section class=\"elementor-section elementor-top-section elementor-element elementor-element-7eed6e0 elementor-section-boxed elementor-section-height-default elementor-section-height-default\" data-id=\"7eed6e0\" data-element_type=\"section\">\n\t\t\t\t\t\t<div class=\"elementor-container elementor-column-gap-default\">\n\t\t\t\t\t<div class=\"elementor-column elementor-col-100 elementor-top-column elementor-element elementor-element-9b92756\" data-id=\"9b92756\" data-element_type=\"column\">\n\t\t\t<div class=\"elementor-widget-wrap\">\n\t\t\t\t\t\t\t<\/div>\n\t\t<\/div>\n\t\t\t\t\t<\/div>\n\t\t<\/section>\n\t\t\t\t<\/div>\n\t\t","protected":false},"excerpt":{"rendered":"<p>Anreise und Kontakt Anreise Mit dem Auto Ortschaft Rauris Richtung Kolm &#8211; Saigurn Talschluss Parkplatz Lenzanger auf 1600 hm\u00a0\u00a0 Koordinaten: 47\u00b04&#8217;54.647&#8243;N, 12\u00b059&#8217;7.328&#8243;E\u00a0 Mit dem Bus Linie 640 von Zell am See \u00fcber Taxenbach, Rauris, Kolm-Saigurn (Salzburger Verkehrsverbund) Bus f\u00e4hrt sogar weiter, als Parkplatz Lenzanger &#8211; f\u00e4hrt rauf bis Kolm Saigurn Kontakt Tel.-Schutzh\u00fctte: +43 65 44 [&hellip;]<\/p>\n","protected":false},"author":3,"featured_media":0,"parent":0,"menu_order":0,"comment_status":"closed","ping_status":"closed","template":"","meta":{"ocean_post_layout":"full-screen","ocean_both_sidebars_style":"","ocean_both_sidebars_content_width":0,"ocean_both_sidebars_sidebars_width":0,"ocean_sidebar":"0","ocean_second_sidebar":"0","ocean_disable_margins":"enable","ocean_add_body_class":"","ocean_shortcode_before_top_bar":"","ocean_shortcode_after_top_bar":"","ocean_shortcode_before_header":"","ocean_shortcode_after_header":"","ocean_has_shortcode":"","ocean_shortcode_after_title":"","ocean_shortcode_before_footer_widgets":"","ocean_shortcode_after_footer_widgets":"","ocean_shortcode_before_footer_bottom":"","ocean_shortcode_after_footer_bottom":"","ocean_display_top_bar":"off","ocean_display_header":"on","ocean_header_style":"","ocean_center_header_left_menu":"0","ocean_custom_header_template":"0","ocean_custom_logo":0,"ocean_custom_retina_logo":0,"ocean_custom_logo_max_width":0,"ocean_custom_logo_tablet_max_width":0,"ocean_custom_logo_mobile_max_width":0,"ocean_custom_logo_max_height":0,"ocean_custom_logo_tablet_max_height":0,"ocean_custom_logo_mobile_max_height":0,"ocean_header_custom_menu":"0","ocean_menu_typo_font_family":"Lato","ocean_menu_typo_font_subset":"","ocean_menu_typo_font_size":0,"ocean_menu_typo_font_size_tablet":0,"ocean_menu_typo_font_size_mobile":0,"ocean_menu_typo_font_size_unit":"px","ocean_menu_typo_font_weight":"","ocean_menu_typo_font_weight_tablet":"","ocean_menu_typo_font_weight_mobile":"","ocean_menu_typo_transform":"","ocean_menu_typo_transform_tablet":"","ocean_menu_typo_transform_mobile":"","ocean_menu_typo_line_height":0,"ocean_menu_typo_line_height_tablet":0,"ocean_menu_typo_line_height_mobile":0,"ocean_menu_typo_line_height_unit":"","ocean_menu_typo_spacing":0,"ocean_menu_typo_spacing_tablet":0,"ocean_menu_typo_spacing_mobile":0,"ocean_menu_typo_spacing_unit":"","ocean_menu_link_color":"#040d29","ocean_menu_link_color_hover":"#bfbfbf","ocean_menu_link_color_active":"#bfbfbf","ocean_menu_link_background":"","ocean_menu_link_hover_background":"#040d29","ocean_menu_link_active_background":"#040d29","ocean_menu_social_links_bg":"","ocean_menu_social_hover_links_bg":"","ocean_menu_social_links_color":"","ocean_menu_social_hover_links_color":"","ocean_disable_title":"on","ocean_disable_heading":"default","ocean_post_title":"","ocean_post_subheading":"","ocean_post_title_style":"","ocean_post_title_background_color":"","ocean_post_title_background":0,"ocean_post_title_bg_image_position":"","ocean_post_title_bg_image_attachment":"","ocean_post_title_bg_image_repeat":"","ocean_post_title_bg_image_size":"","ocean_post_title_height":0,"ocean_post_title_bg_overlay":0.5,"ocean_post_title_bg_overlay_color":"","ocean_disable_breadcrumbs":"default","ocean_breadcrumbs_color":"","ocean_breadcrumbs_separator_color":"","ocean_breadcrumbs_links_color":"","ocean_breadcrumbs_links_hover_color":"","ocean_display_footer_widgets":"on","ocean_display_footer_bottom":"on","ocean_custom_footer_template":"0","footnotes":""},"class_list":["post-58","page","type-page","status-publish","hentry","entry"],"yoast_head":"<!-- This site is optimized with the Yoast SEO plugin v26.7 - https:\/\/yoast.com\/wordpress\/plugins\/seo\/ -->\n<title>Anreise \/ Kontakt - Schutzhaus Neubau<\/title>\n<meta name=\"description\" content=\"Finde den besten Weg zu unserem Schutzhaus Neubau \u00fcber verschiedene Routen. Hier sind alle wichtigen Informationen zur Anreise und Kontakt.\" \/>\n<meta name=\"robots\" content=\"index, follow, max-snippet:-1, max-image-preview:large, max-video-preview:-1\" \/>\n<link rel=\"canonical\" href=\"https:\/\/www.schutzhaus-neubau.at\/?page_id=58\" \/>\n<meta property=\"og:locale\" content=\"en_US\" \/>\n<meta property=\"og:type\" content=\"article\" \/>\n<meta property=\"og:title\" content=\"Anreise \/ Kontakt - Schutzhaus Neubau\" \/>\n<meta property=\"og:description\" content=\"Finde den besten Weg zu unserem Schutzhaus Neubau \u00fcber verschiedene Routen. Hier sind alle wichtigen Informationen zur Anreise und Kontakt.\" \/>\n<meta property=\"og:url\" content=\"https:\/\/www.schutzhaus-neubau.at\/?page_id=58\" \/>\n<meta property=\"og:site_name\" content=\"Schutzhaus Neubau\" \/>\n<meta property=\"article:modified_time\" content=\"2026-04-08T18:02:27+00:00\" \/>\n<meta name=\"twitter:card\" content=\"summary_large_image\" \/>\n<meta name=\"twitter:label1\" content=\"Est. reading time\" \/>\n\t<meta name=\"twitter:data1\" content=\"1 minute\" \/>\n<script type=\"application\/ld+json\" class=\"yoast-schema-graph\">{\"@context\":\"https:\/\/schema.org\",\"@graph\":[{\"@type\":\"WebPage\",\"@id\":\"https:\/\/www.schutzhaus-neubau.at\/?page_id=58\",\"url\":\"https:\/\/www.schutzhaus-neubau.at\/?page_id=58\",\"name\":\"Anreise \/ Kontakt - Schutzhaus Neubau\",\"isPartOf\":{\"@id\":\"https:\/\/www.schutzhaus-neubau.at\/#website\"},\"datePublished\":\"2020-01-04T13:37:52+00:00\",\"dateModified\":\"2026-04-08T18:02:27+00:00\",\"description\":\"Finde den besten Weg zu unserem Schutzhaus Neubau \u00fcber verschiedene Routen. Hier sind alle wichtigen Informationen zur Anreise und Kontakt.\",\"breadcrumb\":{\"@id\":\"https:\/\/www.schutzhaus-neubau.at\/?page_id=58#breadcrumb\"},\"inLanguage\":\"en-US\",\"potentialAction\":[{\"@type\":\"ReadAction\",\"target\":[\"https:\/\/www.schutzhaus-neubau.at\/?page_id=58\"]}]},{\"@type\":\"BreadcrumbList\",\"@id\":\"https:\/\/www.schutzhaus-neubau.at\/?page_id=58#breadcrumb\",\"itemListElement\":[{\"@type\":\"ListItem\",\"position\":1,\"name\":\"Home\",\"item\":\"https:\/\/www.schutzhaus-neubau.at\/\"},{\"@type\":\"ListItem\",\"position\":2,\"name\":\"Anreise \/ Kontakt\"}]},{\"@type\":\"WebSite\",\"@id\":\"https:\/\/www.schutzhaus-neubau.at\/#website\",\"url\":\"https:\/\/www.schutzhaus-neubau.at\/\",\"name\":\"Schutzhaus Neubau\",\"description\":\"Inmitten der Goldberg-Gruppe\",\"publisher\":{\"@id\":\"https:\/\/www.schutzhaus-neubau.at\/#organization\"},\"potentialAction\":[{\"@type\":\"SearchAction\",\"target\":{\"@type\":\"EntryPoint\",\"urlTemplate\":\"https:\/\/www.schutzhaus-neubau.at\/?s={search_term_string}\"},\"query-input\":{\"@type\":\"PropertyValueSpecification\",\"valueRequired\":true,\"valueName\":\"search_term_string\"}}],\"inLanguage\":\"en-US\"},{\"@type\":\"Organization\",\"@id\":\"https:\/\/www.schutzhaus-neubau.at\/#organization\",\"name\":\"Schutzhaus Neubau\",\"url\":\"https:\/\/www.schutzhaus-neubau.at\/\",\"logo\":{\"@type\":\"ImageObject\",\"inLanguage\":\"en-US\",\"@id\":\"https:\/\/www.schutzhaus-neubau.at\/#\/schema\/logo\/image\/\",\"url\":\"https:\/\/www.schutzhaus-neubau.at\/wp-content\/uploads\/2021\/02\/cropped-logo_mit-HM-e1614803794653.png\",\"contentUrl\":\"https:\/\/www.schutzhaus-neubau.at\/wp-content\/uploads\/2021\/02\/cropped-logo_mit-HM-e1614803794653.png\",\"width\":141,\"height\":75,\"caption\":\"Schutzhaus Neubau\"},\"image\":{\"@id\":\"https:\/\/www.schutzhaus-neubau.at\/#\/schema\/logo\/image\/\"}}]}<\/script>\n<!-- \/ Yoast SEO plugin. -->","yoast_head_json":{"title":"Anreise \/ Kontakt - Schutzhaus Neubau","description":"Finde den besten Weg zu unserem Schutzhaus Neubau \u00fcber verschiedene Routen. Hier sind alle wichtigen Informationen zur Anreise und Kontakt.","robots":{"index":"index","follow":"follow","max-snippet":"max-snippet:-1","max-image-preview":"max-image-preview:large","max-video-preview":"max-video-preview:-1"},"canonical":"https:\/\/www.schutzhaus-neubau.at\/?page_id=58","og_locale":"en_US","og_type":"article","og_title":"Anreise \/ Kontakt - Schutzhaus Neubau","og_description":"Finde den besten Weg zu unserem Schutzhaus Neubau \u00fcber verschiedene Routen. Hier sind alle wichtigen Informationen zur Anreise und Kontakt.","og_url":"https:\/\/www.schutzhaus-neubau.at\/?page_id=58","og_site_name":"Schutzhaus Neubau","article_modified_time":"2026-04-08T18:02:27+00:00","twitter_card":"summary_large_image","twitter_misc":{"Est. reading time":"1 minute"},"schema":{"@context":"https:\/\/schema.org","@graph":[{"@type":"WebPage","@id":"https:\/\/www.schutzhaus-neubau.at\/?page_id=58","url":"https:\/\/www.schutzhaus-neubau.at\/?page_id=58","name":"Anreise \/ Kontakt - Schutzhaus Neubau","isPartOf":{"@id":"https:\/\/www.schutzhaus-neubau.at\/#website"},"datePublished":"2020-01-04T13:37:52+00:00","dateModified":"2026-04-08T18:02:27+00:00","description":"Finde den besten Weg zu unserem Schutzhaus Neubau \u00fcber verschiedene Routen. Hier sind alle wichtigen Informationen zur Anreise und Kontakt.","breadcrumb":{"@id":"https:\/\/www.schutzhaus-neubau.at\/?page_id=58#breadcrumb"},"inLanguage":"en-US","potentialAction":[{"@type":"ReadAction","target":["https:\/\/www.schutzhaus-neubau.at\/?page_id=58"]}]},{"@type":"BreadcrumbList","@id":"https:\/\/www.schutzhaus-neubau.at\/?page_id=58#breadcrumb","itemListElement":[{"@type":"ListItem","position":1,"name":"Home","item":"https:\/\/www.schutzhaus-neubau.at\/"},{"@type":"ListItem","position":2,"name":"Anreise \/ Kontakt"}]},{"@type":"WebSite","@id":"https:\/\/www.schutzhaus-neubau.at\/#website","url":"https:\/\/www.schutzhaus-neubau.at\/","name":"Schutzhaus Neubau","description":"Inmitten der Goldberg-Gruppe","publisher":{"@id":"https:\/\/www.schutzhaus-neubau.at\/#organization"},"potentialAction":[{"@type":"SearchAction","target":{"@type":"EntryPoint","urlTemplate":"https:\/\/www.schutzhaus-neubau.at\/?s={search_term_string}"},"query-input":{"@type":"PropertyValueSpecification","valueRequired":true,"valueName":"search_term_string"}}],"inLanguage":"en-US"},{"@type":"Organization","@id":"https:\/\/www.schutzhaus-neubau.at\/#organization","name":"Schutzhaus Neubau","url":"https:\/\/www.schutzhaus-neubau.at\/","logo":{"@type":"ImageObject","inLanguage":"en-US","@id":"https:\/\/www.schutzhaus-neubau.at\/#\/schema\/logo\/image\/","url":"https:\/\/www.schutzhaus-neubau.at\/wp-content\/uploads\/2021\/02\/cropped-logo_mit-HM-e1614803794653.png","contentUrl":"https:\/\/www.schutzhaus-neubau.at\/wp-content\/uploads\/2021\/02\/cropped-logo_mit-HM-e1614803794653.png","width":141,"height":75,"caption":"Schutzhaus Neubau"},"image":{"@id":"https:\/\/www.schutzhaus-neubau.at\/#\/schema\/logo\/image\/"}}]}},"_links":{"self":[{"href":"https:\/\/www.schutzhaus-neubau.at\/index.php?rest_route=\/wp\/v2\/pages\/58","targetHints":{"allow":["GET"]}}],"collection":[{"href":"https:\/\/www.schutzhaus-neubau.at\/index.php?rest_route=\/wp\/v2\/pages"}],"about":[{"href":"https:\/\/www.schutzhaus-neubau.at\/index.php?rest_route=\/wp\/v2\/types\/page"}],"author":[{"embeddable":true,"href":"https:\/\/www.schutzhaus-neubau.at\/index.php?rest_route=\/wp\/v2\/users\/3"}],"replies":[{"embeddable":true,"href":"https:\/\/www.schutzhaus-neubau.at\/index.php?rest_route=%2Fwp%2Fv2%2Fcomments&post=58"}],"version-history":[{"count":151,"href":"https:\/\/www.schutzhaus-neubau.at\/index.php?rest_route=\/wp\/v2\/pages\/58\/revisions"}],"predecessor-version":[{"id":1613,"href":"https:\/\/www.schutzhaus-neubau.at\/index.php?rest_route=\/wp\/v2\/pages\/58\/revisions\/1613"}],"wp:attachment":[{"href":"https:\/\/www.schutzhaus-neubau.at\/index.php?rest_route=%2Fwp%2Fv2%2Fmedia&parent=58"}],"curies":[{"name":"wp","href":"https:\/\/api.w.org\/{rel}","templated":true}]}}