{"id":272,"date":"2020-02-04T12:31:17","date_gmt":"2020-02-04T11:31:17","guid":{"rendered":"http:\/\/elisaschonner.bplaced.net\/?page_id=272"},"modified":"2026-02-13T20:11:34","modified_gmt":"2026-02-13T19:11:34","slug":"impressum","status":"publish","type":"page","link":"https:\/\/www.schutzhaus-neubau.at\/?page_id=272","title":{"rendered":"Impressum"},"content":{"rendered":"\t\t<div data-elementor-type=\"wp-page\" data-elementor-id=\"272\" class=\"elementor elementor-272\">\n\t\t\t\t\t\t<section class=\"elementor-section elementor-top-section elementor-element elementor-element-da14ac1 elementor-section-boxed elementor-section-height-default elementor-section-height-default\" data-id=\"da14ac1\" data-element_type=\"section\">\n\t\t\t\t\t\t<div class=\"elementor-container elementor-column-gap-default\">\n\t\t\t\t\t<div class=\"elementor-column elementor-col-100 elementor-top-column elementor-element elementor-element-82e7355\" data-id=\"82e7355\" data-element_type=\"column\">\n\t\t\t<div class=\"elementor-widget-wrap\">\n\t\t\t\t\t\t\t<\/div>\n\t\t<\/div>\n\t\t\t\t\t<\/div>\n\t\t<\/section>\n\t\t\t\t<section class=\"elementor-section elementor-top-section elementor-element elementor-element-06daf80 impressum elementor-section-height-full elementor-section-boxed elementor-section-height-default elementor-section-items-middle\" data-id=\"06daf80\" data-element_type=\"section\" data-settings=\"{&quot;background_background&quot;:&quot;classic&quot;}\">\n\t\t\t\t\t\t<div class=\"elementor-container elementor-column-gap-default\">\n\t\t\t\t\t<div class=\"elementor-column elementor-col-100 elementor-top-column elementor-element elementor-element-0262051\" data-id=\"0262051\" data-element_type=\"column\">\n\t\t\t<div class=\"elementor-widget-wrap elementor-element-populated\">\n\t\t\t\t\t\t<section class=\"elementor-section elementor-inner-section elementor-element elementor-element-267400f elementor-section-full_width elementor-section-height-default elementor-section-height-default\" data-id=\"267400f\" data-element_type=\"section\">\n\t\t\t\t\t\t<div class=\"elementor-container elementor-column-gap-default\">\n\t\t\t\t\t<div class=\"elementor-column elementor-col-50 elementor-inner-column elementor-element elementor-element-0ed2dd6\" data-id=\"0ed2dd6\" data-element_type=\"column\">\n\t\t\t<div class=\"elementor-widget-wrap elementor-element-populated\">\n\t\t\t\t\t\t<div class=\"elementor-element elementor-element-e80f42c elementor-widget elementor-widget-heading\" data-id=\"e80f42c\" data-element_type=\"widget\" data-widget_type=\"heading.default\">\n\t\t\t\t<div class=\"elementor-widget-container\">\n\t\t\t\t\t<h2 class=\"elementor-heading-title elementor-size-default\">Impressum<\/h2>\t\t\t\t<\/div>\n\t\t\t\t<\/div>\n\t\t\t\t<div class=\"elementor-element elementor-element-a013ae3 elementor-widget elementor-widget-text-editor\" data-id=\"a013ae3\" data-element_type=\"widget\" data-widget_type=\"text-editor.default\">\n\t\t\t\t<div class=\"elementor-widget-container\">\n\t\t\t\t\t\t\t\t\t<p>P\u00e4chter\/in: Marinus Schreiner&nbsp;<br>Design, Bilder &amp; Programmierung: Lukas Kreilinger<br>Haftungshinweis: Trotz sorgf\u00e4ltiger inhaltlicher Kontrolle \u00fcbernehmen wir keine Haftung f\u00fcr die Inhalte externer Links. F\u00fcr den Inhalt der verlinkten Seiten sind ausschlie\u00dflich deren Betreiber verantwortlich<\/p>\t\t\t\t\t\t\t\t<\/div>\n\t\t\t\t<\/div>\n\t\t\t\t<div class=\"elementor-element elementor-element-caef26c elementor-widget elementor-widget-heading\" data-id=\"caef26c\" data-element_type=\"widget\" data-widget_type=\"heading.default\">\n\t\t\t\t<div class=\"elementor-widget-container\">\n\t\t\t\t\t<h2 class=\"elementor-heading-title elementor-size-default\">Kontakt<\/h2>\t\t\t\t<\/div>\n\t\t\t\t<\/div>\n\t\t\t\t<div class=\"elementor-element elementor-element-ff42f79 phone elementor-icon-list--layout-traditional elementor-list-item-link-full_width elementor-widget elementor-widget-icon-list\" data-id=\"ff42f79\" data-element_type=\"widget\" id=\"phone\" data-widget_type=\"icon-list.default\">\n\t\t\t\t<div class=\"elementor-widget-container\">\n\t\t\t\t\t\t\t<ul class=\"elementor-icon-list-items\">\n\t\t\t\t\t\t\t<li class=\"elementor-icon-list-item\">\n\t\t\t\t\t\t\t\t\t\t\t<span class=\"elementor-icon-list-icon\">\n\t\t\t\t\t\t\t<i aria-hidden=\"true\" class=\"fas fa-phone\"><\/i>\t\t\t\t\t\t<\/span>\n\t\t\t\t\t\t\t\t\t\t<span class=\"elementor-icon-list-text\">Tel.-Schutzh\u00fctte: +43 65 44 81 81<\/span>\n\t\t\t\t\t\t\t\t\t<\/li>\n\t\t\t\t\t\t\t\t<li class=\"elementor-icon-list-item\">\n\t\t\t\t\t\t\t\t\t\t\t<a href=\"http:\/\/schutzhaus-neubau@sbg.at\">\n\n\t\t\t\t\t\t\t\t\t\t\t\t<span class=\"elementor-icon-list-icon\">\n\t\t\t\t\t\t\t<i aria-hidden=\"true\" class=\"fas fa-mail-bulk\"><\/i>\t\t\t\t\t\t<\/span>\n\t\t\t\t\t\t\t\t\t\t<span class=\"elementor-icon-list-text\"><u>schutzhaus-neubau@sbg.at <\/u><\/span>\n\t\t\t\t\t\t\t\t\t\t\t<\/a>\n\t\t\t\t\t\t\t\t\t<\/li>\n\t\t\t\t\t\t\t\t<li class=\"elementor-icon-list-item\">\n\t\t\t\t\t\t\t\t\t\t\t<a href=\"https:\/\/www.schutzhaus-neubau.at\">\n\n\t\t\t\t\t\t\t\t\t\t\t\t<span class=\"elementor-icon-list-icon\">\n\t\t\t\t\t\t\t<i aria-hidden=\"true\" class=\"fab fa-internet-explorer\"><\/i>\t\t\t\t\t\t<\/span>\n\t\t\t\t\t\t\t\t\t\t<span class=\"elementor-icon-list-text\"><u>www.schutzhaus-neubau.at<\/u><\/span>\n\t\t\t\t\t\t\t\t\t\t\t<\/a>\n\t\t\t\t\t\t\t\t\t<\/li>\n\t\t\t\t\t\t<\/ul>\n\t\t\t\t\t\t<\/div>\n\t\t\t\t<\/div>\n\t\t\t\t\t<\/div>\n\t\t<\/div>\n\t\t\t\t<div class=\"elementor-column elementor-col-50 elementor-inner-column elementor-element elementor-element-d012888\" data-id=\"d012888\" data-element_type=\"column\">\n\t\t\t<div class=\"elementor-widget-wrap elementor-element-populated\">\n\t\t\t\t\t\t<div class=\"elementor-element elementor-element-227e553 elementor-widget elementor-widget-heading\" data-id=\"227e553\" data-element_type=\"widget\" data-widget_type=\"heading.default\">\n\t\t\t\t<div class=\"elementor-widget-container\">\n\t\t\t\t\t<h2 class=\"elementor-heading-title elementor-size-default\">Datenschutzerkl\u00e4rung<\/h2>\t\t\t\t<\/div>\n\t\t\t\t<\/div>\n\t\t\t\t<div class=\"elementor-element elementor-element-8f6819c elementor-widget elementor-widget-text-editor\" data-id=\"8f6819c\" data-element_type=\"widget\" data-widget_type=\"text-editor.default\">\n\t\t\t\t<div class=\"elementor-widget-container\">\n\t\t\t\t\t\t\t\t\t<p><span style=\"font-size: 14px;\">Der Schutz Ihrer pers\u00f6nlichen Daten ist uns ein besonderes Anliegen. Wir verarbeiten Ihre Daten daher ausschlie\u00dflich auf Grundlage der gesetzlichen Bestimmungen (DSGVO, TKG 2003). In diesen Datenschutzinformationen informieren wir Sie \u00fcber die wichtigsten Aspekte der Datenverarbeitung im Rahmen unserer Website.\u00a0<\/span><\/p><p>Beim Besuch unserer Webseite wird Ihre IP-Adresse, Beginn und Ende der Sitzung f\u00fcr die Dauer dieser Sitzung erfasst. Dies ist technisch bedingt und stellt damit ein berechtigtes Interesse iSv Art 6 Abs 1 lit f DSGVO dar. Soweit im Folgenden nichts anderes geregelt wird, werden diese Daten von uns nicht weiterverarbeitet.<\/p><p>Weitere Details zur Datenschutzerkl\u00e4rung entnehmen Sie bitte der uns \u00fcbergeordneten Landesorganisation der Naturfreunde \u00d6sterreich &#8211; <a href=\"https:\/\/www.naturfreunde.at\/datenschutz\/\">Datenschutzerkl\u00e4rung.<\/a><\/p>\t\t\t\t\t\t\t\t<\/div>\n\t\t\t\t<\/div>\n\t\t\t\t<div class=\"elementor-element elementor-element-fc17469 elementor-widget elementor-widget-heading\" data-id=\"fc17469\" data-element_type=\"widget\" data-widget_type=\"heading.default\">\n\t\t\t\t<div class=\"elementor-widget-container\">\n\t\t\t\t\t<h2 class=\"elementor-heading-title elementor-size-medium\">Kontakt mit uns<\/h2>\t\t\t\t<\/div>\n\t\t\t\t<\/div>\n\t\t\t\t<div class=\"elementor-element elementor-element-3c1827c elementor-widget elementor-widget-text-editor\" data-id=\"3c1827c\" data-element_type=\"widget\" data-widget_type=\"text-editor.default\">\n\t\t\t\t<div class=\"elementor-widget-container\">\n\t\t\t\t\t\t\t\t\t<p>Wenn Sie per Formular auf der Website oder per E-Mail Kontakt mit uns aufnehmen, werden Ihre angegebenen Daten zwecks Bearbeitung der Anfrage und f\u00fcr den Fall von Anschlussfragen sechs Monate bei uns gespeichert. Diese Daten geben wir nicht ohne Ihre Einwilligung weiter.<\/p>\t\t\t\t\t\t\t\t<\/div>\n\t\t\t\t<\/div>\n\t\t\t\t\t<\/div>\n\t\t<\/div>\n\t\t\t\t\t<\/div>\n\t\t<\/section>\n\t\t\t\t\t<\/div>\n\t\t<\/div>\n\t\t\t\t\t<\/div>\n\t\t<\/section>\n\t\t\t\t<\/div>\n\t\t","protected":false},"excerpt":{"rendered":"<p>Impressum P\u00e4chter\/in: Marinus Schreiner&nbsp;Design, Bilder &amp; Programmierung: Lukas KreilingerHaftungshinweis: Trotz sorgf\u00e4ltiger inhaltlicher Kontrolle \u00fcbernehmen wir keine Haftung f\u00fcr die Inhalte externer Links. F\u00fcr den Inhalt der verlinkten Seiten sind ausschlie\u00dflich deren Betreiber verantwortlich Kontakt Tel.-Schutzh\u00fctte: +43 65 44 81 81 schutzhaus-neubau@sbg.at www.schutzhaus-neubau.at Datenschutzerkl\u00e4rung Der Schutz Ihrer pers\u00f6nlichen Daten ist uns ein besonderes Anliegen. Wir verarbeiten [&hellip;]<\/p>\n","protected":false},"author":3,"featured_media":0,"parent":0,"menu_order":0,"comment_status":"closed","ping_status":"closed","template":"","meta":{"ocean_post_layout":"full-screen","ocean_both_sidebars_style":"","ocean_both_sidebars_content_width":0,"ocean_both_sidebars_sidebars_width":0,"ocean_sidebar":"0","ocean_second_sidebar":"0","ocean_disable_margins":"enable","ocean_add_body_class":"","ocean_shortcode_before_top_bar":"","ocean_shortcode_after_top_bar":"","ocean_shortcode_before_header":"","ocean_shortcode_after_header":"","ocean_has_shortcode":"","ocean_shortcode_after_title":"","ocean_shortcode_before_footer_widgets":"","ocean_shortcode_after_footer_widgets":"","ocean_shortcode_before_footer_bottom":"","ocean_shortcode_after_footer_bottom":"","ocean_display_top_bar":"on","ocean_display_header":"on","ocean_header_style":"","ocean_center_header_left_menu":"0","ocean_custom_header_template":"0","ocean_custom_logo":0,"ocean_custom_retina_logo":0,"ocean_custom_logo_max_width":0,"ocean_custom_logo_tablet_max_width":0,"ocean_custom_logo_mobile_max_width":0,"ocean_custom_logo_max_height":0,"ocean_custom_logo_tablet_max_height":0,"ocean_custom_logo_mobile_max_height":0,"ocean_header_custom_menu":"0","ocean_menu_typo_font_family":"Lato","ocean_menu_typo_font_subset":"","ocean_menu_typo_font_size":0,"ocean_menu_typo_font_size_tablet":0,"ocean_menu_typo_font_size_mobile":0,"ocean_menu_typo_font_size_unit":"px","ocean_menu_typo_font_weight":"","ocean_menu_typo_font_weight_tablet":"","ocean_menu_typo_font_weight_mobile":"","ocean_menu_typo_transform":"","ocean_menu_typo_transform_tablet":"","ocean_menu_typo_transform_mobile":"","ocean_menu_typo_line_height":0,"ocean_menu_typo_line_height_tablet":0,"ocean_menu_typo_line_height_mobile":0,"ocean_menu_typo_line_height_unit":"","ocean_menu_typo_spacing":0,"ocean_menu_typo_spacing_tablet":0,"ocean_menu_typo_spacing_mobile":0,"ocean_menu_typo_spacing_unit":"","ocean_menu_link_color":"#040d29","ocean_menu_link_color_hover":"#bfbfbf","ocean_menu_link_color_active":"#bfbfbf","ocean_menu_link_background":"","ocean_menu_link_hover_background":"#040d29","ocean_menu_link_active_background":"#040d29","ocean_menu_social_links_bg":"","ocean_menu_social_hover_links_bg":"","ocean_menu_social_links_color":"","ocean_menu_social_hover_links_color":"","ocean_disable_title":"on","ocean_disable_heading":"default","ocean_post_title":"","ocean_post_subheading":"","ocean_post_title_style":"","ocean_post_title_background_color":"","ocean_post_title_background":0,"ocean_post_title_bg_image_position":"","ocean_post_title_bg_image_attachment":"","ocean_post_title_bg_image_repeat":"","ocean_post_title_bg_image_size":"","ocean_post_title_height":0,"ocean_post_title_bg_overlay":0.5,"ocean_post_title_bg_overlay_color":"","ocean_disable_breadcrumbs":"default","ocean_breadcrumbs_color":"","ocean_breadcrumbs_separator_color":"","ocean_breadcrumbs_links_color":"","ocean_breadcrumbs_links_hover_color":"","ocean_display_footer_widgets":"on","ocean_display_footer_bottom":"off","ocean_custom_footer_template":"0","footnotes":""},"class_list":["post-272","page","type-page","status-publish","hentry","entry"],"yoast_head":"<!-- This site is optimized with the Yoast SEO plugin v26.7 - https:\/\/yoast.com\/wordpress\/plugins\/seo\/ -->\n<title>Impressum - Schutzhaus Neubau<\/title>\n<meta name=\"description\" content=\"Das Impressum vom Naturfreunde Schutzhaus Neubau und alles Wichtige rund um Datenschutz und Nutzung und Datenschutz.\" \/>\n<meta name=\"robots\" content=\"index, follow, max-snippet:-1, max-image-preview:large, max-video-preview:-1\" \/>\n<link rel=\"canonical\" href=\"https:\/\/www.schutzhaus-neubau.at\/?page_id=272\" \/>\n<meta property=\"og:locale\" content=\"en_US\" \/>\n<meta property=\"og:type\" content=\"article\" \/>\n<meta property=\"og:title\" content=\"Impressum - Schutzhaus Neubau\" \/>\n<meta property=\"og:description\" content=\"Das Impressum vom Naturfreunde Schutzhaus Neubau und alles Wichtige rund um Datenschutz und Nutzung und Datenschutz.\" \/>\n<meta property=\"og:url\" content=\"https:\/\/www.schutzhaus-neubau.at\/?page_id=272\" \/>\n<meta property=\"og:site_name\" content=\"Schutzhaus Neubau\" \/>\n<meta property=\"article:modified_time\" content=\"2026-02-13T19:11:34+00:00\" \/>\n<meta name=\"twitter:card\" content=\"summary_large_image\" \/>\n<meta name=\"twitter:label1\" content=\"Est. reading time\" \/>\n\t<meta name=\"twitter:data1\" content=\"1 minute\" \/>\n<script type=\"application\/ld+json\" class=\"yoast-schema-graph\">{\"@context\":\"https:\/\/schema.org\",\"@graph\":[{\"@type\":\"WebPage\",\"@id\":\"https:\/\/www.schutzhaus-neubau.at\/?page_id=272\",\"url\":\"https:\/\/www.schutzhaus-neubau.at\/?page_id=272\",\"name\":\"Impressum - Schutzhaus Neubau\",\"isPartOf\":{\"@id\":\"https:\/\/www.schutzhaus-neubau.at\/#website\"},\"datePublished\":\"2020-02-04T11:31:17+00:00\",\"dateModified\":\"2026-02-13T19:11:34+00:00\",\"description\":\"Das Impressum vom Naturfreunde Schutzhaus Neubau und alles Wichtige rund um Datenschutz und Nutzung und Datenschutz.\",\"breadcrumb\":{\"@id\":\"https:\/\/www.schutzhaus-neubau.at\/?page_id=272#breadcrumb\"},\"inLanguage\":\"en-US\",\"potentialAction\":[{\"@type\":\"ReadAction\",\"target\":[\"https:\/\/www.schutzhaus-neubau.at\/?page_id=272\"]}]},{\"@type\":\"BreadcrumbList\",\"@id\":\"https:\/\/www.schutzhaus-neubau.at\/?page_id=272#breadcrumb\",\"itemListElement\":[{\"@type\":\"ListItem\",\"position\":1,\"name\":\"Home\",\"item\":\"https:\/\/www.schutzhaus-neubau.at\/\"},{\"@type\":\"ListItem\",\"position\":2,\"name\":\"Impressum\"}]},{\"@type\":\"WebSite\",\"@id\":\"https:\/\/www.schutzhaus-neubau.at\/#website\",\"url\":\"https:\/\/www.schutzhaus-neubau.at\/\",\"name\":\"Schutzhaus Neubau\",\"description\":\"Inmitten der Goldberg-Gruppe\",\"publisher\":{\"@id\":\"https:\/\/www.schutzhaus-neubau.at\/#organization\"},\"potentialAction\":[{\"@type\":\"SearchAction\",\"target\":{\"@type\":\"EntryPoint\",\"urlTemplate\":\"https:\/\/www.schutzhaus-neubau.at\/?s={search_term_string}\"},\"query-input\":{\"@type\":\"PropertyValueSpecification\",\"valueRequired\":true,\"valueName\":\"search_term_string\"}}],\"inLanguage\":\"en-US\"},{\"@type\":\"Organization\",\"@id\":\"https:\/\/www.schutzhaus-neubau.at\/#organization\",\"name\":\"Schutzhaus Neubau\",\"url\":\"https:\/\/www.schutzhaus-neubau.at\/\",\"logo\":{\"@type\":\"ImageObject\",\"inLanguage\":\"en-US\",\"@id\":\"https:\/\/www.schutzhaus-neubau.at\/#\/schema\/logo\/image\/\",\"url\":\"https:\/\/www.schutzhaus-neubau.at\/wp-content\/uploads\/2021\/02\/cropped-logo_mit-HM-e1614803794653.png\",\"contentUrl\":\"https:\/\/www.schutzhaus-neubau.at\/wp-content\/uploads\/2021\/02\/cropped-logo_mit-HM-e1614803794653.png\",\"width\":141,\"height\":75,\"caption\":\"Schutzhaus Neubau\"},\"image\":{\"@id\":\"https:\/\/www.schutzhaus-neubau.at\/#\/schema\/logo\/image\/\"}}]}<\/script>\n<!-- \/ Yoast SEO plugin. -->","yoast_head_json":{"title":"Impressum - Schutzhaus Neubau","description":"Das Impressum vom Naturfreunde Schutzhaus Neubau und alles Wichtige rund um Datenschutz und Nutzung und Datenschutz.","robots":{"index":"index","follow":"follow","max-snippet":"max-snippet:-1","max-image-preview":"max-image-preview:large","max-video-preview":"max-video-preview:-1"},"canonical":"https:\/\/www.schutzhaus-neubau.at\/?page_id=272","og_locale":"en_US","og_type":"article","og_title":"Impressum - Schutzhaus Neubau","og_description":"Das Impressum vom Naturfreunde Schutzhaus Neubau und alles Wichtige rund um Datenschutz und Nutzung und Datenschutz.","og_url":"https:\/\/www.schutzhaus-neubau.at\/?page_id=272","og_site_name":"Schutzhaus Neubau","article_modified_time":"2026-02-13T19:11:34+00:00","twitter_card":"summary_large_image","twitter_misc":{"Est. reading time":"1 minute"},"schema":{"@context":"https:\/\/schema.org","@graph":[{"@type":"WebPage","@id":"https:\/\/www.schutzhaus-neubau.at\/?page_id=272","url":"https:\/\/www.schutzhaus-neubau.at\/?page_id=272","name":"Impressum - Schutzhaus Neubau","isPartOf":{"@id":"https:\/\/www.schutzhaus-neubau.at\/#website"},"datePublished":"2020-02-04T11:31:17+00:00","dateModified":"2026-02-13T19:11:34+00:00","description":"Das Impressum vom Naturfreunde Schutzhaus Neubau und alles Wichtige rund um Datenschutz und Nutzung und Datenschutz.","breadcrumb":{"@id":"https:\/\/www.schutzhaus-neubau.at\/?page_id=272#breadcrumb"},"inLanguage":"en-US","potentialAction":[{"@type":"ReadAction","target":["https:\/\/www.schutzhaus-neubau.at\/?page_id=272"]}]},{"@type":"BreadcrumbList","@id":"https:\/\/www.schutzhaus-neubau.at\/?page_id=272#breadcrumb","itemListElement":[{"@type":"ListItem","position":1,"name":"Home","item":"https:\/\/www.schutzhaus-neubau.at\/"},{"@type":"ListItem","position":2,"name":"Impressum"}]},{"@type":"WebSite","@id":"https:\/\/www.schutzhaus-neubau.at\/#website","url":"https:\/\/www.schutzhaus-neubau.at\/","name":"Schutzhaus Neubau","description":"Inmitten der Goldberg-Gruppe","publisher":{"@id":"https:\/\/www.schutzhaus-neubau.at\/#organization"},"potentialAction":[{"@type":"SearchAction","target":{"@type":"EntryPoint","urlTemplate":"https:\/\/www.schutzhaus-neubau.at\/?s={search_term_string}"},"query-input":{"@type":"PropertyValueSpecification","valueRequired":true,"valueName":"search_term_string"}}],"inLanguage":"en-US"},{"@type":"Organization","@id":"https:\/\/www.schutzhaus-neubau.at\/#organization","name":"Schutzhaus Neubau","url":"https:\/\/www.schutzhaus-neubau.at\/","logo":{"@type":"ImageObject","inLanguage":"en-US","@id":"https:\/\/www.schutzhaus-neubau.at\/#\/schema\/logo\/image\/","url":"https:\/\/www.schutzhaus-neubau.at\/wp-content\/uploads\/2021\/02\/cropped-logo_mit-HM-e1614803794653.png","contentUrl":"https:\/\/www.schutzhaus-neubau.at\/wp-content\/uploads\/2021\/02\/cropped-logo_mit-HM-e1614803794653.png","width":141,"height":75,"caption":"Schutzhaus Neubau"},"image":{"@id":"https:\/\/www.schutzhaus-neubau.at\/#\/schema\/logo\/image\/"}}]}},"_links":{"self":[{"href":"https:\/\/www.schutzhaus-neubau.at\/index.php?rest_route=\/wp\/v2\/pages\/272","targetHints":{"allow":["GET"]}}],"collection":[{"href":"https:\/\/www.schutzhaus-neubau.at\/index.php?rest_route=\/wp\/v2\/pages"}],"about":[{"href":"https:\/\/www.schutzhaus-neubau.at\/index.php?rest_route=\/wp\/v2\/types\/page"}],"author":[{"embeddable":true,"href":"https:\/\/www.schutzhaus-neubau.at\/index.php?rest_route=\/wp\/v2\/users\/3"}],"replies":[{"embeddable":true,"href":"https:\/\/www.schutzhaus-neubau.at\/index.php?rest_route=%2Fwp%2Fv2%2Fcomments&post=272"}],"version-history":[{"count":68,"href":"https:\/\/www.schutzhaus-neubau.at\/index.php?rest_route=\/wp\/v2\/pages\/272\/revisions"}],"predecessor-version":[{"id":1681,"href":"https:\/\/www.schutzhaus-neubau.at\/index.php?rest_route=\/wp\/v2\/pages\/272\/revisions\/1681"}],"wp:attachment":[{"href":"https:\/\/www.schutzhaus-neubau.at\/index.php?rest_route=%2Fwp%2Fv2%2Fmedia&parent=272"}],"curies":[{"name":"wp","href":"https:\/\/api.w.org\/{rel}","templated":true}]}}